{"id":75375,"date":"2026-05-04T14:43:39","date_gmt":"2026-05-04T14:43:39","guid":{"rendered":"https:\/\/www.alexandracpsicologa.com\/articles-de-psicologia\/"},"modified":"2026-05-09T19:12:18","modified_gmt":"2026-05-09T19:12:18","slug":"articles-de-psicologia","status":"publish","type":"page","link":"https:\/\/www.alexandracpsicologa.com\/ca\/articles-de-psicologia\/","title":{"rendered":"Articles de Psicologia"},"content":{"rendered":"\t\t<div data-elementor-type=\"wp-page\" data-elementor-id=\"75375\" class=\"elementor elementor-75375 elementor-75214\" data-elementor-post-type=\"page\">\n\t\t\t\t\t\t<section class=\"elementor-section elementor-top-section elementor-element elementor-element-292b67e elementor-section-boxed elementor-section-height-default elementor-section-height-default sc_fly_static\" data-id=\"292b67e\" data-element_type=\"section\" data-e-type=\"section\">\n\t\t\t\t\t\t\t<div class=\"elementor-background-overlay\"><\/div>\n\t\t\t\t\t\t\t<div class=\"elementor-container elementor-column-gap-extended\">\n\t\t\t\t\t<div class=\"elementor-column elementor-col-100 elementor-top-column elementor-element elementor-element-3f3084c sc_content_align_inherit sc_layouts_column_icons_position_left sc_fly_static\" data-id=\"3f3084c\" data-element_type=\"column\" data-e-type=\"column\">\n\t\t\t<div class=\"elementor-widget-wrap elementor-element-populated\">\n\t\t\t\t\t\t<div class=\"elementor-element elementor-element-1ec4a52 sc_style_default sc_fly_static elementor-widget elementor-widget-trx_sc_blogger\" data-id=\"1ec4a52\" data-element_type=\"widget\" data-e-type=\"widget\" data-widget_type=\"trx_sc_blogger.default\">\n\t\t\t\t<div class=\"elementor-widget-container\">\n\t\t\t\t\t<div \t\tclass=\"sc_blogger sc_blogger_band sc_blogger_band_default sc_item_filters_tabs_none alignnone\" ><div class=\"sc_blogger_content sc_item_content sc_item_posts_container posts_container band_wrap\" ><article id=\"post-75383\" data-post-id=\"75383\"\r\n\tclass=\"post_item post_item_container post_layout_band post_format_standard post-75383 post type-post status-publish format-standard has-post-thumbnail hentry category-dependencia-emocional tag-dependencia-emocional tag-psicologia tag-relacions tag-relacions-intermitents tag-vicle\">\r\n\t<div class=\"post_featured with_thumb hover_none post_featured_bg\" data-ratio=\"1:1\"><span class=\"post_thumb post_thumb_bg bg_in resurs_inline_1196162053\"><\/span>\t\t\t\t\t\t<div class=\"mask\"><\/div>\n\t\t\t\t\t\t\t\t\t\t<a href=\"https:\/\/www.alexandracpsicologa.com\/ca\/dependencia-emocional-relacions-intermitents\/\"  aria-hidden=\"true\" class=\"icons\"><\/a>\r\n\t\t\t\t<\/div><div class=\"post_content_wrap\">\t\t\t<div class=\"post_header entry-header\">\r\n\t\t\t\t\t\t\t\t\t<div class=\"post_category\">\r\n\t\t\t\t\t\t<div class=\"post_meta\"><span class=\"post_meta_item post_categories\"><a href=\"https:\/\/www.alexandracpsicologa.com\/ca\/dependencia-emocional\/\" rel=\"category tag\">Depend\u00e8ncia Emocional<\/a><\/span><\/div>\t\t\t\t\t<\/div>\r\n\t\t\t\t\t<h4 class=\"post_title entry-title\"><a href=\"https:\/\/www.alexandracpsicologa.com\/ca\/dependencia-emocional-relacions-intermitents\/\" rel=\"bookmark\">Quan alg\u00fa t&#8217;ho d\u00f3na tot&#8230; i&nbsp;de&nbsp;sobte s&#8217;allunya: el&nbsp;vincle que enganxa m\u00e9s del&nbsp;que&nbsp;cuida.<\/a><\/h4>\t\t\t<\/div><!-- .post_header -->\r\n\t\t\t\t\t\t<div class=\"post_content entry-content\">\r\n\t\t\t\t<div class=\"post_content_inner\">Hi ha relacions que no fan mal pel que passa&#8230; sin\u00f3 per com passa.<\/div>\t\t\t<\/div><!-- .entry-content -->\r\n\t\t\t<div class=\"post_meta\"><a class=\"post_meta_item post_author\" rel=\"author\" href=\"https:\/\/www.alexandracpsicologa.com\/ca\/author\/alexandra\/\"><span class=\"post_author_by\">By<\/span><span class=\"post_author_avatar\"><img referrerpolicy=\"no-referrer\" alt=\"Unknown&#039;s avatar\" src=\"https:\/\/secure.gravatar.com\/avatar\/acbb8b63790432e58a4b9a1adb6383891cb36b693e5f858e40ec102e6398cd30?s=56&#038;d=mm&#038;r=g\" srcset=\"https:\/\/secure.gravatar.com\/avatar\/acbb8b63790432e58a4b9a1adb6383891cb36b693e5f858e40ec102e6398cd30?s=112&#038;d=mm&#038;r=g 2x\" class=\"avatar avatar-56 photo\" height=\"56\" width=\"56\"><\/span><span class=\"post_author_name\">Alexandra Carol Oller<\/span><\/a><span class=\"post_meta_item post_share\"><span class=\"socials_share socials_size_tiny socials_type_drop socials_dir_horizontal\"><a href=\"#\" class=\"socials_caption\"><span class=\"socials_caption_label\">Comparteix<\/span><\/a><span class=\"social_items\"><a class=\"social_item social_item_popup\" href=\"\/\/twitter.com\/intent\/tweet?text=Quan+alg%C3%BA+t%26%238217%3Bho+d%C3%B3na+tot%26%238230%3B+i%26nbsp%3Bde%26nbsp%3Bsobte+s%26%238217%3Ballunya%3A+el%26nbsp%3Bvincle+que+enganxa+m%C3%A9s+del%26nbsp%3Bque%26nbsp%3Bcuida.&#038;url=https%3A%2F%2Fwww.alexandracpsicologa.com%2Fca%2Fdependencia-emocional-relacions-intermitents%2F\" data-link=\"\/\/twitter.com\/intent\/tweet?text=Quan alg\u00fa t&#8217;ho d\u00f3na tot&#8230; i&nbsp;de&nbsp;sobte s&#8217;allunya: el&nbsp;vincle que enganxa m\u00e9s del&nbsp;que&nbsp;cuida.&amp;url=https%3A%2F%2Fwww.alexandracpsicologa.com%2Fca%2Fdependencia-emocional-relacions-intermitents%2F\" data-count=\"twitter-x\"><span class=\"social_icon social_icon_twitter-x sc_icon_type_icons\" style=\"\"><span class=\"trx_addons_icon-twitter-x\"><\/span><i>Twitter<\/i><\/span><\/a><a class=\"social_item social_item_popup\" href=\"\/\/www.facebook.com\/sharer\/sharer.php?u=https%3A%2F%2Fwww.alexandracpsicologa.com%2Fca%2Fdependencia-emocional-relacions-intermitents%2F\" data-link=\"\/\/www.facebook.com\/sharer\/sharer.php?u=https%3A%2F%2Fwww.alexandracpsicologa.com%2Fca%2Fdependencia-emocional-relacions-intermitents%2F\" data-count=\"facebook-1\"><span class=\"social_icon social_icon_facebook-1 sc_icon_type_icons\" style=\"\"><span class=\"icon-facebook-1\"><\/span><i>Facebook<\/i><\/span><\/a><a class=\"social_item\" href=\"mailto:test@fwe.com?subject=Quan%20alg\u00fa%20t&#8217;ho%20d\u00f3na%20tot&#8230;%20i&nbsp;de&nbsp;sobte%20s&#8217;allunya:%20el&nbsp;vincle%20que%20enganxa%20m\u00e9s%20del&nbsp;que&nbsp;cuida.&#038;body=https%3A%2F%2Fwww.alexandracpsicologa.com%2Fca%2Fdependencia-emocional-relacions-intermitents%2F\" target=\"_blank\" data-count=\"share-email\"><span class=\"social_icon social_icon_share-email sc_icon_type_icons\" style=\"\"><span class=\"icon-share-email\"><\/span><i>Share-email<\/i><\/span><\/a><a class=\"social_item\" title=\"Copy URL to clipboard\" data-message=\"Copied!\" data-copy-link-url=\"https:\/\/www.alexandracpsicologa.com\/ca\/dependencia-emocional-relacions-intermitents\/\" nopopup=\"true\" href=\"#\" target=\"_blank\" data-count=\"link\"><span class=\"social_icon social_icon_link sc_icon_type_icons\" style=\"\"><span class=\"icon-link\"><\/span><i>Link<\/i><\/span><\/a><\/span><\/span><\/span><\/div><div class=\"more-wrap\"><a class=\"post-more-link\" href=\"https:\/\/www.alexandracpsicologa.com\/ca\/dependencia-emocional-relacions-intermitents\/\"><span class=\"link-text\">Llegir l&#039;article<\/span><span class=\"more-link-icon\"><\/span><\/a><\/div>\t<\/div>\r\n<\/article>\r\n<\/div><\/div>\t\t\t\t<\/div>\n\t\t\t\t<\/div>\n\t\t\t\t\t<\/div>\n\t\t<\/div>\n\t\t\t\t\t<\/div>\n\t\t<\/section>\n\t\t\t\t<\/div>\n\t\t","protected":false},"excerpt":{"rendered":"<p>Dependencia Emocional Cuando alguien te da todo\u2026 y&nbsp;de&nbsp;repente se aleja: el&nbsp;v\u00ednculo que engancha m\u00e1s&nbsp;de&nbsp;lo que cuida. Hay relaciones que no duelen por lo que pasa\u2026 sino por c\u00f3mo pasa. ByAlexandra&hellip;<\/p>\n","protected":false},"author":1,"featured_media":0,"parent":0,"menu_order":0,"comment_status":"closed","ping_status":"closed","template":"","meta":{"_joinchat":[],"footnotes":""},"class_list":["post-75375","page","type-page","status-publish","hentry"],"_links":{"self":[{"href":"https:\/\/www.alexandracpsicologa.com\/ca\/wp-json\/wp\/v2\/pages\/75375","targetHints":{"allow":["GET"]}}],"collection":[{"href":"https:\/\/www.alexandracpsicologa.com\/ca\/wp-json\/wp\/v2\/pages"}],"about":[{"href":"https:\/\/www.alexandracpsicologa.com\/ca\/wp-json\/wp\/v2\/types\/page"}],"author":[{"embeddable":true,"href":"https:\/\/www.alexandracpsicologa.com\/ca\/wp-json\/wp\/v2\/users\/1"}],"replies":[{"embeddable":true,"href":"https:\/\/www.alexandracpsicologa.com\/ca\/wp-json\/wp\/v2\/comments?post=75375"}],"version-history":[{"count":1,"href":"https:\/\/www.alexandracpsicologa.com\/ca\/wp-json\/wp\/v2\/pages\/75375\/revisions"}],"predecessor-version":[{"id":75376,"href":"https:\/\/www.alexandracpsicologa.com\/ca\/wp-json\/wp\/v2\/pages\/75375\/revisions\/75376"}],"wp:attachment":[{"href":"https:\/\/www.alexandracpsicologa.com\/ca\/wp-json\/wp\/v2\/media?parent=75375"}],"curies":[{"name":"wp","href":"https:\/\/api.w.org\/{rel}","templated":true}]}}