{"id":68399,"date":"2025-04-08T10:43:59","date_gmt":"2025-04-08T10:43:59","guid":{"rendered":"https:\/\/www.alexandracpsicologa.com\/politica-de-cookies\/"},"modified":"2026-01-28T11:27:44","modified_gmt":"2026-01-28T11:27:44","slug":"politica-de-cookies","status":"publish","type":"page","link":"https:\/\/www.alexandracpsicologa.com\/ca\/politica-de-cookies\/","title":{"rendered":"Pol\u00edtica de Cookies"},"content":{"rendered":"\t\t<div data-elementor-type=\"wp-page\" data-elementor-id=\"68399\" class=\"elementor elementor-68399 elementor-67724\" data-elementor-post-type=\"page\">\n\t\t\t\t\t\t<section class=\"elementor-section elementor-top-section elementor-element elementor-element-2cc1b906 elementor-section-boxed elementor-section-height-default elementor-section-height-default sc_fly_static\" data-id=\"2cc1b906\" data-element_type=\"section\" data-e-type=\"section\" data-settings=\"{&quot;background_background&quot;:&quot;classic&quot;}\">\n\t\t\t\t\t\t<div class=\"elementor-container elementor-column-gap-extended\">\n\t\t\t\t\t<div class=\"elementor-column elementor-col-100 elementor-top-column elementor-element elementor-element-76901cf1 sc_content_align_inherit sc_layouts_column_icons_position_left sc_fly_static\" data-id=\"76901cf1\" data-element_type=\"column\" data-e-type=\"column\">\n\t\t\t<div class=\"elementor-widget-wrap elementor-element-populated\">\n\t\t\t\t\t\t<div class=\"elementor-element elementor-element-7ca8ac5a sc_fly_static elementor-widget elementor-widget-text-editor\" data-id=\"7ca8ac5a\" data-element_type=\"widget\" data-e-type=\"widget\" data-widget_type=\"text-editor.default\">\n\t\t\t\t\t\t\t\t\t<h5>1. Qu\u00e8 s\u00f3n les cookies?<\/h5><p class=\"\" data-start=\"232\" data-end=\"495\">Les cookies s\u00f3n petits arxius de text que s\u2019emmagatzemen al teu navegador quan visites un lloc web. Serveixen per recordar informaci\u00f3 sobre la teva visita, com les teves prefer\u00e8ncies o dades de sessi\u00f3, i permeten millorar la teva experi\u00e8ncia de navegaci\u00f3. Tamb\u00e9 es poden utilitzar amb finalitats estad\u00edstiques o de m\u00e0rqueting.  <\/p>\t\t\t\t\t\t\t\t<\/div>\n\t\t\t\t\t<\/div>\n\t\t<\/div>\n\t\t\t\t\t<\/div>\n\t\t<\/section>\n\t\t\t\t<section class=\"elementor-section elementor-top-section elementor-element elementor-element-d982a2a elementor-section-boxed elementor-section-height-default elementor-section-height-default sc_fly_static\" data-id=\"d982a2a\" data-element_type=\"section\" data-e-type=\"section\">\n\t\t\t\t\t\t<div class=\"elementor-container elementor-column-gap-extended\">\n\t\t\t\t\t<div class=\"elementor-column elementor-col-100 elementor-top-column elementor-element elementor-element-590ba8b sc_content_align_inherit sc_layouts_column_icons_position_left sc_fly_static\" data-id=\"590ba8b\" data-element_type=\"column\" data-e-type=\"column\">\n\t\t\t<div class=\"elementor-widget-wrap elementor-element-populated\">\n\t\t\t\t\t\t<div class=\"elementor-element elementor-element-24fc13b4 sc_fly_static elementor-widget elementor-widget-spacer\" data-id=\"24fc13b4\" data-element_type=\"widget\" data-e-type=\"widget\" data-widget_type=\"spacer.default\">\n\t\t\t\t\t\t\t<div class=\"elementor-spacer\">\n\t\t\t<div class=\"elementor-spacer-inner\"><\/div>\n\t\t<\/div>\n\t\t\t\t\t\t<\/div>\n\t\t\t\t<div class=\"elementor-element elementor-element-e6607bc sc_fly_static elementor-widget elementor-widget-text-editor\" data-id=\"e6607bc\" data-element_type=\"widget\" data-e-type=\"widget\" data-widget_type=\"text-editor.default\">\n\t\t\t\t\t\t\t\t\t<h5>2. Quins tipus de cookies utilitza aquest web?<\/h5><p class=\"\" data-start=\"805\" data-end=\"860\">Aquest lloc web utilitza els seg\u00fcents tipus de cookies:<\/p><h6 data-start=\"862\" data-end=\"903\">a) Cookies t\u00e8cniques (necess\u00e0ries)<\/h6><p class=\"\" data-start=\"904\" data-end=\"1060\">Permeten la navegaci\u00f3 i l\u2019\u00fas de les funcionalitats essencials del lloc, com l\u2019acc\u00e9s segur a zones privades o la gesti\u00f3 del formulari de contacte.<\/p><h6 data-start=\"1062\" data-end=\"1100\">b) Cookies de personalitzaci\u00f3<\/h6><p class=\"\" data-start=\"1101\" data-end=\"1197\">Recorden les teves prefer\u00e8ncies (idioma, regi\u00f3&#8230;) per oferir-te una experi\u00e8ncia m\u00e9s personalitzada.<\/p><h6 data-start=\"1199\" data-end=\"1245\">c) Cookies d\u2019an\u00e0lisi o estad\u00edstiques<\/h6><p class=\"\" data-start=\"1246\" data-end=\"1446\">Ens permeten recollir dades an\u00f2nimes sobre l\u2019\u00fas del web (p\u00e0gines visitades, durada de la visita, clics&#8230;), amb la finalitat de millorar-ne el funcionament. Fem servir eines com <strong data-start=\"1425\" data-end=\"1445\">Google Analytics<\/strong>. <\/p><h6 data-start=\"1448\" data-end=\"1479\">d) Cookies de tercers<\/h6><p class=\"\" data-start=\"1480\" data-end=\"1655\">Algunes p\u00e0gines poden mostrar contingut incrustat d\u2019altres llocs (com mapes de Google, botons de xarxes socials o v\u00eddeos de YouTube), que poden instal\u00b7lar cookies pr\u00f2pies.<\/p><p> <\/p>\t\t\t\t\t\t\t\t<\/div>\n\t\t\t\t<div class=\"elementor-element elementor-element-ede03c5 sc_fly_static elementor-widget elementor-widget-spacer\" data-id=\"ede03c5\" data-element_type=\"widget\" data-e-type=\"widget\" data-widget_type=\"spacer.default\">\n\t\t\t\t\t\t\t<div class=\"elementor-spacer\">\n\t\t\t<div class=\"elementor-spacer-inner\"><\/div>\n\t\t<\/div>\n\t\t\t\t\t\t<\/div>\n\t\t\t\t\t<\/div>\n\t\t<\/div>\n\t\t\t\t\t<\/div>\n\t\t<\/section>\n\t\t\t\t<section class=\"elementor-section elementor-top-section elementor-element elementor-element-6f219633 elementor-section-boxed elementor-section-height-default elementor-section-height-default sc_fly_static\" data-id=\"6f219633\" data-element_type=\"section\" data-e-type=\"section\" data-settings=\"{&quot;background_background&quot;:&quot;classic&quot;}\">\n\t\t\t\t\t\t<div class=\"elementor-container elementor-column-gap-extended\">\n\t\t\t\t\t<div class=\"elementor-column elementor-col-100 elementor-top-column elementor-element elementor-element-74fbb8c9 sc_content_align_inherit sc_layouts_column_icons_position_left sc_fly_static\" data-id=\"74fbb8c9\" data-element_type=\"column\" data-e-type=\"column\">\n\t\t\t<div class=\"elementor-widget-wrap elementor-element-populated\">\n\t\t\t\t\t\t<div class=\"elementor-element elementor-element-49886f78 sc_fly_static elementor-widget elementor-widget-text-editor\" data-id=\"49886f78\" data-element_type=\"widget\" data-e-type=\"widget\" data-widget_type=\"text-editor.default\">\n\t\t\t\t\t\t\t\t\t<h5>3. Com pots gestionar o desactivar les cookies?<\/h5><p class=\"\" data-start=\"1719\" data-end=\"1817\">Pots acceptar, rebutjar o configurar les cookies des del banner que apareix en accedir al web.<\/p><p class=\"\" data-start=\"1819\" data-end=\"2029\">A m\u00e9s, pots modificar la configuraci\u00f3 del teu navegador per permetre, bloquejar o eliminar les cookies ja emmagatzemades. A continuaci\u00f3 et deixem els enlla\u00e7os amb instruccions per als navegadors m\u00e9s comuns: <\/p><ul data-start=\"2031\" data-end=\"2421\"><li class=\"\" data-start=\"2031\" data-end=\"2104\"><p class=\"\" data-start=\"2033\" data-end=\"2104\"><a target=\"_new\" rel=\"noopener\" data-start=\"2033\" data-end=\"2102\">Google Chrome<\/a><\/p><\/li><li class=\"\" data-start=\"2105\" data-end=\"2205\"><p class=\"\" data-start=\"2107\" data-end=\"2205\"><a class=\"\" href=\"https:\/\/support.mozilla.org\/es\/kb\/habilitar-y-deshabilitar-cookies-sitios-web\" target=\"_new\" rel=\"noopener\" data-start=\"2107\" data-end=\"2203\">Mozilla Firefox<\/a><\/p><\/li><li class=\"\" data-start=\"2206\" data-end=\"2278\"><p class=\"\" data-start=\"2208\" data-end=\"2278\"><a class=\"\" href=\"https:\/\/support.apple.com\/es-es\/guide\/safari\/sfri11471\/mac\" target=\"_new\" rel=\"noopener\" data-start=\"2208\" data-end=\"2276\">Safari<\/a><\/p><\/li><li class=\"\" data-start=\"2279\" data-end=\"2421\"><p class=\"\" data-start=\"2281\" data-end=\"2421\"><a class=\"\" href=\"https:\/\/support.microsoft.com\/es-es\/microsoft-edge\/eliminar-cookies-en-microsoft-edge-63947406-40ac-c3b8-57b9-2a946a29ae09\" target=\"_new\" rel=\"noopener\" data-start=\"2281\" data-end=\"2421\">Microsoft Edge<\/a><\/p><\/li><\/ul><p class=\"\" data-start=\"2423\" data-end=\"2530\">Tingues en compte que en desactivar certes cookies, algunes funcionalitats del lloc podrien veure\u2019s afectades.<\/p>\t\t\t\t\t\t\t\t<\/div>\n\t\t\t\t\t<\/div>\n\t\t<\/div>\n\t\t\t\t\t<\/div>\n\t\t<\/section>\n\t\t\t\t<section class=\"elementor-section elementor-top-section elementor-element elementor-element-6cd9b374 elementor-section-boxed elementor-section-height-default elementor-section-height-default sc_fly_static\" data-id=\"6cd9b374\" data-element_type=\"section\" data-e-type=\"section\">\n\t\t\t\t\t\t<div class=\"elementor-container elementor-column-gap-extended\">\n\t\t\t\t\t<div class=\"elementor-column elementor-col-100 elementor-top-column elementor-element elementor-element-ce68200 sc_content_align_inherit sc_layouts_column_icons_position_left sc_fly_static\" data-id=\"ce68200\" data-element_type=\"column\" data-e-type=\"column\">\n\t\t\t<div class=\"elementor-widget-wrap elementor-element-populated\">\n\t\t\t\t\t\t<div class=\"elementor-element elementor-element-1c336451 sc_fly_static elementor-widget elementor-widget-spacer\" data-id=\"1c336451\" data-element_type=\"widget\" data-e-type=\"widget\" data-widget_type=\"spacer.default\">\n\t\t\t\t\t\t\t<div class=\"elementor-spacer\">\n\t\t\t<div class=\"elementor-spacer-inner\"><\/div>\n\t\t<\/div>\n\t\t\t\t\t\t<\/div>\n\t\t\t\t\t<\/div>\n\t\t<\/div>\n\t\t\t\t\t<\/div>\n\t\t<\/section>\n\t\t\t\t<section class=\"elementor-section elementor-top-section elementor-element elementor-element-61979dbe elementor-section-boxed elementor-section-height-default elementor-section-height-default sc_fly_static\" data-id=\"61979dbe\" data-element_type=\"section\" data-e-type=\"section\" data-settings=\"{&quot;background_background&quot;:&quot;classic&quot;}\">\n\t\t\t\t\t\t<div class=\"elementor-container elementor-column-gap-extended\">\n\t\t\t\t\t<div class=\"elementor-column elementor-col-100 elementor-top-column elementor-element elementor-element-21c8f8d sc_content_align_inherit sc_layouts_column_icons_position_left sc_fly_static\" data-id=\"21c8f8d\" data-element_type=\"column\" data-e-type=\"column\">\n\t\t\t<div class=\"elementor-widget-wrap elementor-element-populated\">\n\t\t\t\t\t\t<div class=\"elementor-element elementor-element-32109b0b sc_fly_static elementor-widget elementor-widget-text-editor\" data-id=\"32109b0b\" data-element_type=\"widget\" data-e-type=\"widget\" data-widget_type=\"text-editor.default\">\n\t\t\t\t\t\t\t\t\t<h5>4. Cookies utilitzades en aquesta web<\/h5>\n<div class=\"overflow-x-auto bg-no-repeat contain-inline-size\">\n<table data-start=\"2576\" data-end=\"2949\">\n<thead data-start=\"2576\" data-end=\"2630\">\n<tr data-start=\"2576\" data-end=\"2630\">\n<th data-start=\"2576\" data-end=\"2587\"><strong data-start=\"2576\" data-end=\"2586\">Nom<\/strong><\/th>\n<th data-start=\"2587\" data-end=\"2598\"><strong data-start=\"2589\" data-end=\"2597\">Tipus<\/strong><\/th>\n<th data-start=\"2598\" data-end=\"2614\"><strong data-start=\"2600\" data-end=\"2613\">Finalitat<\/strong><\/th>\n<th data-start=\"2614\" data-end=\"2630\"><strong data-start=\"2616\" data-end=\"2628\">Duraci\u00f3<\/strong><\/th>\n<\/tr>\n<\/thead>\n<tbody data-start=\"2655\" data-end=\"2949\">\n<tr data-start=\"2655\" data-end=\"2739\">\n<td>cookielawinfo-checkbox-*<\/td>\n<td>T\u00e8cnica<\/td>\n<td>Control del consentimient de cookies<\/td>\n<td>1 any<\/td>\n<\/tr>\n<tr data-start=\"2740\" data-end=\"2807\">\n<td>_ga<\/td>\n<td>Anal\u00edtica (Google Analytics)<\/td>\n<td>Distingir usuaris<\/td>\n<td>2 anys<\/td>\n<\/tr>\n<tr data-start=\"2808\" data-end=\"2878\">\n<td>_gid<\/td>\n<td>Anal\u00edtica (Google Analytics)<\/td>\n<td>Distingir usuaris<\/td>\n<td>24 hores<\/td>\n<\/tr>\n<tr data-start=\"2879\" data-end=\"2949\">\n<td>_gat<\/td>\n<td>Anal\u00edtica (Google Analytics)<\/td>\n<td>Limitar solicituts<\/td>\n<td>1 minut<\/td>\n<\/tr>\n<\/tbody>\n<\/table>\n<\/div>\n<br><p> Aquesta taula \u00e9s orientativa. Pot variar en funci\u00f3 dels plugins que tinguis instal\u00b7lats.<\/p>\t\t\t\t\t\t\t\t<\/div>\n\t\t\t\t\t<\/div>\n\t\t<\/div>\n\t\t\t\t\t<\/div>\n\t\t<\/section>\n\t\t\t\t<section class=\"elementor-section elementor-top-section elementor-element elementor-element-efd0b33 elementor-section-boxed elementor-section-height-default elementor-section-height-default sc_fly_static\" data-id=\"efd0b33\" data-element_type=\"section\" data-e-type=\"section\">\n\t\t\t\t\t\t<div class=\"elementor-container elementor-column-gap-extended\">\n\t\t\t\t\t<div class=\"elementor-column elementor-col-100 elementor-top-column elementor-element elementor-element-2627029a sc_content_align_inherit sc_layouts_column_icons_position_left sc_fly_static\" data-id=\"2627029a\" data-element_type=\"column\" data-e-type=\"column\">\n\t\t\t<div class=\"elementor-widget-wrap elementor-element-populated\">\n\t\t\t\t\t\t<div class=\"elementor-element elementor-element-6ade3a6a sc_fly_static elementor-widget elementor-widget-spacer\" data-id=\"6ade3a6a\" data-element_type=\"widget\" data-e-type=\"widget\" data-widget_type=\"spacer.default\">\n\t\t\t\t\t\t\t<div class=\"elementor-spacer\">\n\t\t\t<div class=\"elementor-spacer-inner\"><\/div>\n\t\t<\/div>\n\t\t\t\t\t\t<\/div>\n\t\t\t\t\t<\/div>\n\t\t<\/div>\n\t\t\t\t\t<\/div>\n\t\t<\/section>\n\t\t\t\t<section class=\"elementor-section elementor-top-section elementor-element elementor-element-4d65197e elementor-section-boxed elementor-section-height-default elementor-section-height-default sc_fly_static\" data-id=\"4d65197e\" data-element_type=\"section\" data-e-type=\"section\" data-settings=\"{&quot;background_background&quot;:&quot;classic&quot;}\">\n\t\t\t\t\t\t<div class=\"elementor-container elementor-column-gap-extended\">\n\t\t\t\t\t<div class=\"elementor-column elementor-col-100 elementor-top-column elementor-element elementor-element-63ca06b2 sc_content_align_inherit sc_layouts_column_icons_position_left sc_fly_static\" data-id=\"63ca06b2\" data-element_type=\"column\" data-e-type=\"column\">\n\t\t\t<div class=\"elementor-widget-wrap elementor-element-populated\">\n\t\t\t\t\t\t<div class=\"elementor-element elementor-element-27bc0e2b sc_fly_static elementor-widget elementor-widget-text-editor\" data-id=\"27bc0e2b\" data-element_type=\"widget\" data-e-type=\"widget\" data-widget_type=\"text-editor.default\">\n\t\t\t\t\t\t\t\t\t<h5>5. Acceptaci\u00f3 de la Pol\u00edtica de Cookies<\/h5><p class=\"\" data-start=\"1730\" data-end=\"1766\">En continuar navegant per aquest lloc web, es considera que acceptes l\u2019\u00fas de cookies segons el que s\u2019explica en aquesta Pol\u00edtica. En qualsevol moment pots canviar la teva configuraci\u00f3 o retirar el consentiment des del banner o els ajustos del teu navegador.<\/p>\t\t\t\t\t\t\t\t<\/div>\n\t\t\t\t\t<\/div>\n\t\t<\/div>\n\t\t\t\t\t<\/div>\n\t\t<\/section>\n\t\t\t\t<section class=\"elementor-section elementor-top-section elementor-element elementor-element-7f9f6fe0 elementor-section-boxed elementor-section-height-default elementor-section-height-default sc_fly_static\" data-id=\"7f9f6fe0\" data-element_type=\"section\" data-e-type=\"section\">\n\t\t\t\t\t\t<div class=\"elementor-container elementor-column-gap-extended\">\n\t\t\t\t\t<div class=\"elementor-column elementor-col-100 elementor-top-column elementor-element elementor-element-777e75e1 sc_content_align_inherit sc_layouts_column_icons_position_left sc_fly_static\" data-id=\"777e75e1\" data-element_type=\"column\" data-e-type=\"column\">\n\t\t\t<div class=\"elementor-widget-wrap elementor-element-populated\">\n\t\t\t\t\t\t<div class=\"elementor-element elementor-element-11f84b09 sc_fly_static elementor-widget elementor-widget-spacer\" data-id=\"11f84b09\" data-element_type=\"widget\" data-e-type=\"widget\" data-widget_type=\"spacer.default\">\n\t\t\t\t\t\t\t<div class=\"elementor-spacer\">\n\t\t\t<div class=\"elementor-spacer-inner\"><\/div>\n\t\t<\/div>\n\t\t\t\t\t\t<\/div>\n\t\t\t\t\t<\/div>\n\t\t<\/div>\n\t\t\t\t\t<\/div>\n\t\t<\/section>\n\t\t\t\t<section class=\"elementor-section elementor-top-section elementor-element elementor-element-7f18c443 elementor-section-boxed elementor-section-height-default elementor-section-height-default sc_fly_static\" data-id=\"7f18c443\" data-element_type=\"section\" data-e-type=\"section\" data-settings=\"{&quot;background_background&quot;:&quot;classic&quot;}\">\n\t\t\t\t\t\t<div class=\"elementor-container elementor-column-gap-extended\">\n\t\t\t\t\t<div class=\"elementor-column elementor-col-100 elementor-top-column elementor-element elementor-element-403cf755 sc_content_align_inherit sc_layouts_column_icons_position_left sc_fly_static\" data-id=\"403cf755\" data-element_type=\"column\" data-e-type=\"column\">\n\t\t\t<div class=\"elementor-widget-wrap elementor-element-populated\">\n\t\t\t\t\t\t<div class=\"elementor-element elementor-element-4c10e045 sc_fly_static elementor-widget elementor-widget-text-editor\" data-id=\"4c10e045\" data-element_type=\"widget\" data-e-type=\"widget\" data-widget_type=\"text-editor.default\">\n\t\t\t\t\t\t\t\t\t<h5>6. Contacte<\/h5>\nSi tens dubtes sobre aquesta pol\u00edtica o l\u2019\u00fas de cookies en aquest web, pots escriure a:<br data-start=\"3453\" data-end=\"3456\">\ud83d\udce9 <strong data-start=\"3459\" data-end=\"3484\">[<a rel=\"info@alexandracpsicologa.com \">info@alexandracpsicologa.com\n<\/a>]<\/strong>\t\t\t\t\t\t\t\t<\/div>\n\t\t\t\t\t<\/div>\n\t\t<\/div>\n\t\t\t\t\t<\/div>\n\t\t<\/section>\n\t\t\t\t<section class=\"elementor-section elementor-top-section elementor-element elementor-element-2fa0f5f elementor-section-boxed elementor-section-height-default elementor-section-height-default sc_fly_static\" data-id=\"2fa0f5f\" data-element_type=\"section\" data-e-type=\"section\">\n\t\t\t\t\t\t<div class=\"elementor-container elementor-column-gap-extended\">\n\t\t\t\t\t<div class=\"elementor-column elementor-col-100 elementor-top-column elementor-element elementor-element-6bd8fdce sc_content_align_inherit sc_layouts_column_icons_position_left sc_fly_static\" data-id=\"6bd8fdce\" data-element_type=\"column\" data-e-type=\"column\">\n\t\t\t<div class=\"elementor-widget-wrap elementor-element-populated\">\n\t\t\t\t\t\t<div class=\"elementor-element elementor-element-18c2b796 sc_fly_static elementor-widget elementor-widget-spacer\" data-id=\"18c2b796\" data-element_type=\"widget\" data-e-type=\"widget\" data-widget_type=\"spacer.default\">\n\t\t\t\t\t\t\t<div class=\"elementor-spacer\">\n\t\t\t<div class=\"elementor-spacer-inner\"><\/div>\n\t\t<\/div>\n\t\t\t\t\t\t<\/div>\n\t\t\t\t\t<\/div>\n\t\t<\/div>\n\t\t\t\t\t<\/div>\n\t\t<\/section>\n\t\t\t\t<\/div>\n\t\t","protected":false},"excerpt":{"rendered":"<p>1. Qu\u00e8 s\u00f3n les cookies? Les cookies s\u00f3n petits arxius de text que s\u2019emmagatzemen al teu navegador quan visites un lloc web. Serveixen per recordar informaci\u00f3 sobre la teva visita,&hellip;<\/p>\n","protected":false},"author":1,"featured_media":0,"parent":0,"menu_order":0,"comment_status":"closed","ping_status":"closed","template":"","meta":{"_joinchat":[],"footnotes":""},"class_list":["post-68399","page","type-page","status-publish","hentry"],"_links":{"self":[{"href":"https:\/\/www.alexandracpsicologa.com\/ca\/wp-json\/wp\/v2\/pages\/68399","targetHints":{"allow":["GET"]}}],"collection":[{"href":"https:\/\/www.alexandracpsicologa.com\/ca\/wp-json\/wp\/v2\/pages"}],"about":[{"href":"https:\/\/www.alexandracpsicologa.com\/ca\/wp-json\/wp\/v2\/types\/page"}],"author":[{"embeddable":true,"href":"https:\/\/www.alexandracpsicologa.com\/ca\/wp-json\/wp\/v2\/users\/1"}],"replies":[{"embeddable":true,"href":"https:\/\/www.alexandracpsicologa.com\/ca\/wp-json\/wp\/v2\/comments?post=68399"}],"version-history":[{"count":2,"href":"https:\/\/www.alexandracpsicologa.com\/ca\/wp-json\/wp\/v2\/pages\/68399\/revisions"}],"predecessor-version":[{"id":69090,"href":"https:\/\/www.alexandracpsicologa.com\/ca\/wp-json\/wp\/v2\/pages\/68399\/revisions\/69090"}],"wp:attachment":[{"href":"https:\/\/www.alexandracpsicologa.com\/ca\/wp-json\/wp\/v2\/media?parent=68399"}],"curies":[{"name":"wp","href":"https:\/\/api.w.org\/{rel}","templated":true}]}}