{"id":68303,"date":"2025-04-08T10:54:47","date_gmt":"2025-04-08T10:54:47","guid":{"rendered":"https:\/\/www.alexandracpsicologa.com\/avis-legal\/"},"modified":"2026-04-07T23:16:42","modified_gmt":"2026-04-07T23:16:42","slug":"avis-legal","status":"publish","type":"page","link":"https:\/\/www.alexandracpsicologa.com\/ca\/avis-legal\/","title":{"rendered":"Av\u00eds Legal"},"content":{"rendered":"\t\t<div data-elementor-type=\"wp-page\" data-elementor-id=\"68303\" class=\"elementor elementor-68303 elementor-67735\" data-elementor-post-type=\"page\">\n\t\t\t\t\t\t<section class=\"elementor-section elementor-top-section elementor-element elementor-element-2cc1b906 elementor-section-boxed elementor-section-height-default elementor-section-height-default sc_fly_static\" data-id=\"2cc1b906\" data-element_type=\"section\" data-e-type=\"section\" data-settings=\"{&quot;background_background&quot;:&quot;classic&quot;}\">\n\t\t\t\t\t\t<div class=\"elementor-container elementor-column-gap-extended\">\n\t\t\t\t\t<div class=\"elementor-column elementor-col-100 elementor-top-column elementor-element elementor-element-76901cf1 sc_content_align_inherit sc_layouts_column_icons_position_left sc_fly_static\" data-id=\"76901cf1\" data-element_type=\"column\" data-e-type=\"column\">\n\t\t\t<div class=\"elementor-widget-wrap elementor-element-populated\">\n\t\t\t\t\t\t<div class=\"elementor-element elementor-element-7ca8ac5a sc_fly_static elementor-widget elementor-widget-text-editor\" data-id=\"7ca8ac5a\" data-element_type=\"widget\" data-e-type=\"widget\" data-widget_type=\"text-editor.default\">\n\t\t\t\t\t\t\t\t\t<p class=\"\" data-start=\"368\" data-end=\"572\">En compliment del deure d\u2019informaci\u00f3 recollit a l\u2019article 10 de la Llei 34\/2002, d\u201911 de juliol, de serveis de la societat de la informaci\u00f3 i del comer\u00e7 electr\u00f2nic, s\u2019informa del seg\u00fcent:<\/p>\t\t\t\t\t\t\t\t<\/div>\n\t\t\t\t\t<\/div>\n\t\t<\/div>\n\t\t\t\t\t<\/div>\n\t\t<\/section>\n\t\t\t\t<section class=\"elementor-section elementor-top-section elementor-element elementor-element-d982a2a elementor-section-boxed elementor-section-height-default elementor-section-height-default sc_fly_static\" data-id=\"d982a2a\" data-element_type=\"section\" data-e-type=\"section\">\n\t\t\t\t\t\t<div class=\"elementor-container elementor-column-gap-extended\">\n\t\t\t\t\t<div class=\"elementor-column elementor-col-100 elementor-top-column elementor-element elementor-element-590ba8b sc_content_align_inherit sc_layouts_column_icons_position_left sc_fly_static\" data-id=\"590ba8b\" data-element_type=\"column\" data-e-type=\"column\">\n\t\t\t<div class=\"elementor-widget-wrap elementor-element-populated\">\n\t\t\t\t\t\t<div class=\"elementor-element elementor-element-24fc13b4 sc_fly_static elementor-widget elementor-widget-spacer\" data-id=\"24fc13b4\" data-element_type=\"widget\" data-e-type=\"widget\" data-widget_type=\"spacer.default\">\n\t\t\t\t\t\t\t<div class=\"elementor-spacer\">\n\t\t\t<div class=\"elementor-spacer-inner\"><\/div>\n\t\t<\/div>\n\t\t\t\t\t\t<\/div>\n\t\t\t\t<div class=\"elementor-element elementor-element-e6607bc sc_fly_static elementor-widget elementor-widget-text-editor\" data-id=\"e6607bc\" data-element_type=\"widget\" data-e-type=\"widget\" data-widget_type=\"text-editor.default\">\n\t\t\t\t\t\t\t\t\t<h5>1. Dades del titular<\/h5>\n<ul>\n \t<li class=\"\" data-start=\"605\" data-end=\"637\">\n<p class=\"\" data-start=\"607\" data-end=\"637\"><strong data-start=\"607\" data-end=\"619\">Titular:<\/strong> Alexandra Carol Oller<\/p>\n<\/li>\n \t<li class=\"\" data-start=\"638\" data-end=\"678\">\n<p class=\"\" data-start=\"640\" data-end=\"678\"><strong data-start=\"640\" data-end=\"666\">Activitat professional:<\/strong> Psic\u00f2loga<\/p>\n<\/li>\n \t<li class=\"\" data-start=\"679\" data-end=\"753\">\n<p class=\"\" data-start=\"681\" data-end=\"753\">N\u00famero de col\u00b7legiada: 26612<\/p>\n<\/li>\n \t<li class=\"\" data-start=\"754\" data-end=\"855\">\n<p class=\"\" data-start=\"756\" data-end=\"855\"><strong data-start=\"756\" data-end=\"770\">Direcci\u00f3:<\/strong> Av. Rius i Taulet, 29-31, 1\u00ba 3\u00aa <\/p>\n<\/li>\n \t<li class=\"\" data-start=\"856\" data-end=\"917\">\n<p class=\"\" data-start=\"858\" data-end=\"917\"><strong data-start=\"858\" data-end=\"893\">Correu electr\u00f2nic de contacte: <\/strong> <strong data-start=\"3459\" data-end=\"3484\"> <a rel=\"mailto:info@alexandracpsicologa.com\">info@alexandracpsicologa.com<\/a> <\/strong><\/p>\n<\/li>\n \t<li class=\"\" data-start=\"918\" data-end=\"967\">\n<p class=\"\" data-start=\"920\" data-end=\"967\"><strong data-start=\"920\" data-end=\"934\">Lloc web:<\/strong> <a class=\"\" href=\"https:\/\/www.alexandracpsicologa.com\/ca\/\" target=\"_new\" rel=\"noopener\" data-start=\"935\" data-end=\"965\">https:\/\/www.alexandracpsicologa.com<\/a><\/p>\n<\/li>\n<\/ul>\t\t\t\t\t\t\t\t<\/div>\n\t\t\t\t<div class=\"elementor-element elementor-element-ede03c5 sc_fly_static elementor-widget elementor-widget-spacer\" data-id=\"ede03c5\" data-element_type=\"widget\" data-e-type=\"widget\" data-widget_type=\"spacer.default\">\n\t\t\t\t\t\t\t<div class=\"elementor-spacer\">\n\t\t\t<div class=\"elementor-spacer-inner\"><\/div>\n\t\t<\/div>\n\t\t\t\t\t\t<\/div>\n\t\t\t\t\t<\/div>\n\t\t<\/div>\n\t\t\t\t\t<\/div>\n\t\t<\/section>\n\t\t\t\t<section class=\"elementor-section elementor-top-section elementor-element elementor-element-6f219633 elementor-section-boxed elementor-section-height-default elementor-section-height-default sc_fly_static\" data-id=\"6f219633\" data-element_type=\"section\" data-e-type=\"section\" data-settings=\"{&quot;background_background&quot;:&quot;classic&quot;}\">\n\t\t\t\t\t\t<div class=\"elementor-container elementor-column-gap-extended\">\n\t\t\t\t\t<div class=\"elementor-column elementor-col-100 elementor-top-column elementor-element elementor-element-74fbb8c9 sc_content_align_inherit sc_layouts_column_icons_position_left sc_fly_static\" data-id=\"74fbb8c9\" data-element_type=\"column\" data-e-type=\"column\">\n\t\t\t<div class=\"elementor-widget-wrap elementor-element-populated\">\n\t\t\t\t\t\t<div class=\"elementor-element elementor-element-49886f78 sc_fly_static elementor-widget elementor-widget-text-editor\" data-id=\"49886f78\" data-element_type=\"widget\" data-e-type=\"widget\" data-widget_type=\"text-editor.default\">\n\t\t\t\t\t\t\t\t\t<h5>2. Objecte del lloc web<\/h5><p class=\"\" data-start=\"751\" data-end=\"927\">La finalitat d&#8217;aquest lloc web ofereix informaci\u00f3 sobre els serveis professionals de psicologia prestats per Alexandra Carol Oller, aix\u00ed com a facilitar el contacte amb persones interessades en sol\u00b7licitar aquests serveis.<\/p>\t\t\t\t\t\t\t\t<\/div>\n\t\t\t\t\t<\/div>\n\t\t<\/div>\n\t\t\t\t\t<\/div>\n\t\t<\/section>\n\t\t\t\t<section class=\"elementor-section elementor-top-section elementor-element elementor-element-6cd9b374 elementor-section-boxed elementor-section-height-default elementor-section-height-default sc_fly_static\" data-id=\"6cd9b374\" data-element_type=\"section\" data-e-type=\"section\">\n\t\t\t\t\t\t<div class=\"elementor-container elementor-column-gap-extended\">\n\t\t\t\t\t<div class=\"elementor-column elementor-col-100 elementor-top-column elementor-element elementor-element-ce68200 sc_content_align_inherit sc_layouts_column_icons_position_left sc_fly_static\" data-id=\"ce68200\" data-element_type=\"column\" data-e-type=\"column\">\n\t\t\t<div class=\"elementor-widget-wrap elementor-element-populated\">\n\t\t\t\t\t\t<div class=\"elementor-element elementor-element-1c336451 sc_fly_static elementor-widget elementor-widget-spacer\" data-id=\"1c336451\" data-element_type=\"widget\" data-e-type=\"widget\" data-widget_type=\"spacer.default\">\n\t\t\t\t\t\t\t<div class=\"elementor-spacer\">\n\t\t\t<div class=\"elementor-spacer-inner\"><\/div>\n\t\t<\/div>\n\t\t\t\t\t\t<\/div>\n\t\t\t\t\t<\/div>\n\t\t<\/div>\n\t\t\t\t\t<\/div>\n\t\t<\/section>\n\t\t\t\t<section class=\"elementor-section elementor-top-section elementor-element elementor-element-61979dbe elementor-section-boxed elementor-section-height-default elementor-section-height-default sc_fly_static\" data-id=\"61979dbe\" data-element_type=\"section\" data-e-type=\"section\" data-settings=\"{&quot;background_background&quot;:&quot;classic&quot;}\">\n\t\t\t\t\t\t<div class=\"elementor-container elementor-column-gap-extended\">\n\t\t\t\t\t<div class=\"elementor-column elementor-col-100 elementor-top-column elementor-element elementor-element-21c8f8d sc_content_align_inherit sc_layouts_column_icons_position_left sc_fly_static\" data-id=\"21c8f8d\" data-element_type=\"column\" data-e-type=\"column\">\n\t\t\t<div class=\"elementor-widget-wrap elementor-element-populated\">\n\t\t\t\t\t\t<div class=\"elementor-element elementor-element-32109b0b sc_fly_static elementor-widget elementor-widget-text-editor\" data-id=\"32109b0b\" data-element_type=\"widget\" data-e-type=\"widget\" data-widget_type=\"text-editor.default\">\n\t\t\t\t\t\t\t\t\t<h5>3. Propietat intel\u00b7lectual i industrial<\/h5><p class=\"\" data-start=\"1372\" data-end=\"1422\">El tractament de les teves dades personals es basa en:<\/p><ul data-start=\"1424\" data-end=\"1686\"><li class=\"\" data-start=\"1424\" data-end=\"1508\"><p class=\"\" data-start=\"1426\" data-end=\"1508\"><strong data-start=\"1426\" data-end=\"1457\">El teu consentiment expl\u00edcit<\/strong> en emplenar formularis i acceptar aquesta pol\u00edtica.<\/p><\/li><li class=\"\" data-start=\"1509\" data-end=\"1592\"><p class=\"\" data-start=\"1511\" data-end=\"1592\"><strong data-start=\"1511\" data-end=\"1531\">Inter\u00e8s leg\u00edtim<\/strong> per respondre consultes i prestar el servei sol\u00b7licitat.<\/p><\/li><li class=\"\" data-start=\"1593\" data-end=\"1686\"><p class=\"\" data-start=\"1595\" data-end=\"1686\"><strong data-start=\"1595\" data-end=\"1635\">Compliment d&#8217;obligacions legals<\/strong> , si escau (per exemple, en cas de facturaci\u00f3).<\/p><\/li><\/ul>\t\t\t\t\t\t\t\t<\/div>\n\t\t\t\t\t<\/div>\n\t\t<\/div>\n\t\t\t\t\t<\/div>\n\t\t<\/section>\n\t\t\t\t<section class=\"elementor-section elementor-top-section elementor-element elementor-element-efd0b33 elementor-section-boxed elementor-section-height-default elementor-section-height-default sc_fly_static\" data-id=\"efd0b33\" data-element_type=\"section\" data-e-type=\"section\">\n\t\t\t\t\t\t<div class=\"elementor-container elementor-column-gap-extended\">\n\t\t\t\t\t<div class=\"elementor-column elementor-col-100 elementor-top-column elementor-element elementor-element-2627029a sc_content_align_inherit sc_layouts_column_icons_position_left sc_fly_static\" data-id=\"2627029a\" data-element_type=\"column\" data-e-type=\"column\">\n\t\t\t<div class=\"elementor-widget-wrap elementor-element-populated\">\n\t\t\t\t\t\t<div class=\"elementor-element elementor-element-6ade3a6a sc_fly_static elementor-widget elementor-widget-spacer\" data-id=\"6ade3a6a\" data-element_type=\"widget\" data-e-type=\"widget\" data-widget_type=\"spacer.default\">\n\t\t\t\t\t\t\t<div class=\"elementor-spacer\">\n\t\t\t<div class=\"elementor-spacer-inner\"><\/div>\n\t\t<\/div>\n\t\t\t\t\t\t<\/div>\n\t\t\t\t\t<\/div>\n\t\t<\/div>\n\t\t\t\t\t<\/div>\n\t\t<\/section>\n\t\t\t\t<section class=\"elementor-section elementor-top-section elementor-element elementor-element-4d65197e elementor-section-boxed elementor-section-height-default elementor-section-height-default sc_fly_static\" data-id=\"4d65197e\" data-element_type=\"section\" data-e-type=\"section\" data-settings=\"{&quot;background_background&quot;:&quot;classic&quot;}\">\n\t\t\t\t\t\t<div class=\"elementor-container elementor-column-gap-extended\">\n\t\t\t\t\t<div class=\"elementor-column elementor-col-100 elementor-top-column elementor-element elementor-element-63ca06b2 sc_content_align_inherit sc_layouts_column_icons_position_left sc_fly_static\" data-id=\"63ca06b2\" data-element_type=\"column\" data-e-type=\"column\">\n\t\t\t<div class=\"elementor-widget-wrap elementor-element-populated\">\n\t\t\t\t\t\t<div class=\"elementor-element elementor-element-27bc0e2b sc_fly_static elementor-widget elementor-widget-text-editor\" data-id=\"27bc0e2b\" data-element_type=\"widget\" data-e-type=\"widget\" data-widget_type=\"text-editor.default\">\n\t\t\t\t\t\t\t\t\t<h5>4. Responsabilitat<\/h5><p class=\"\" data-start=\"1824\" data-end=\"2049\">El titular no es fa responsable dels errors o omissions en els continguts, ni de l\u2019\u00fas que els usuaris puguin fer de la informaci\u00f3 oferta en aquest web, ni dels possibles danys derivats de la navegaci\u00f3 o l\u2019\u00fas del lloc.<\/p><p class=\"\" data-start=\"2051\" data-end=\"2193\">Aix\u00ed mateix, es reserva el dret de modificar en qualsevol moment i sense av\u00eds previ la presentaci\u00f3, la configuraci\u00f3 i el contingut del lloc web.<\/p>\t\t\t\t\t\t\t\t<\/div>\n\t\t\t\t\t<\/div>\n\t\t<\/div>\n\t\t\t\t\t<\/div>\n\t\t<\/section>\n\t\t\t\t<section class=\"elementor-section elementor-top-section elementor-element elementor-element-7f9f6fe0 elementor-section-boxed elementor-section-height-default elementor-section-height-default sc_fly_static\" data-id=\"7f9f6fe0\" data-element_type=\"section\" data-e-type=\"section\">\n\t\t\t\t\t\t<div class=\"elementor-container elementor-column-gap-extended\">\n\t\t\t\t\t<div class=\"elementor-column elementor-col-100 elementor-top-column elementor-element elementor-element-777e75e1 sc_content_align_inherit sc_layouts_column_icons_position_left sc_fly_static\" data-id=\"777e75e1\" data-element_type=\"column\" data-e-type=\"column\">\n\t\t\t<div class=\"elementor-widget-wrap elementor-element-populated\">\n\t\t\t\t\t\t<div class=\"elementor-element elementor-element-11f84b09 sc_fly_static elementor-widget elementor-widget-spacer\" data-id=\"11f84b09\" data-element_type=\"widget\" data-e-type=\"widget\" data-widget_type=\"spacer.default\">\n\t\t\t\t\t\t\t<div class=\"elementor-spacer\">\n\t\t\t<div class=\"elementor-spacer-inner\"><\/div>\n\t\t<\/div>\n\t\t\t\t\t\t<\/div>\n\t\t\t\t\t<\/div>\n\t\t<\/div>\n\t\t\t\t\t<\/div>\n\t\t<\/section>\n\t\t\t\t<section class=\"elementor-section elementor-top-section elementor-element elementor-element-7f18c443 elementor-section-boxed elementor-section-height-default elementor-section-height-default sc_fly_static\" data-id=\"7f18c443\" data-element_type=\"section\" data-e-type=\"section\" data-settings=\"{&quot;background_background&quot;:&quot;classic&quot;}\">\n\t\t\t\t\t\t<div class=\"elementor-container elementor-column-gap-extended\">\n\t\t\t\t\t<div class=\"elementor-column elementor-col-100 elementor-top-column elementor-element elementor-element-403cf755 sc_content_align_inherit sc_layouts_column_icons_position_left sc_fly_static\" data-id=\"403cf755\" data-element_type=\"column\" data-e-type=\"column\">\n\t\t\t<div class=\"elementor-widget-wrap elementor-element-populated\">\n\t\t\t\t\t\t<div class=\"elementor-element elementor-element-4c10e045 sc_fly_static elementor-widget elementor-widget-text-editor\" data-id=\"4c10e045\" data-element_type=\"widget\" data-e-type=\"widget\" data-widget_type=\"text-editor.default\">\n\t\t\t\t\t\t\t\t\t<h5>5. Protecci\u00f3 de dades personals<\/h5><p>L\u2019\u00fas d\u2019aquest lloc web implica l\u2019acceptaci\u00f3 de la nostra Pol\u00edtica de Privacitat i Pol\u00edtica de Cookies, en les quals s\u2019explica com es recullen, s\u2019utilitzen i es protegeixen les dades personals dels usuaris d\u2019acord amb el Reglament General de Protecci\u00f3 de Dades (RGPD) i la LOPDGDD.<\/p>\t\t\t\t\t\t\t\t<\/div>\n\t\t\t\t\t<\/div>\n\t\t<\/div>\n\t\t\t\t\t<\/div>\n\t\t<\/section>\n\t\t\t\t<section class=\"elementor-section elementor-top-section elementor-element elementor-element-6741fc11 elementor-section-boxed elementor-section-height-default elementor-section-height-default sc_fly_static\" data-id=\"6741fc11\" data-element_type=\"section\" data-e-type=\"section\">\n\t\t\t\t\t\t<div class=\"elementor-container elementor-column-gap-extended\">\n\t\t\t\t\t<div class=\"elementor-column elementor-col-100 elementor-top-column elementor-element elementor-element-64c91789 sc_content_align_inherit sc_layouts_column_icons_position_left sc_fly_static\" data-id=\"64c91789\" data-element_type=\"column\" data-e-type=\"column\">\n\t\t\t<div class=\"elementor-widget-wrap elementor-element-populated\">\n\t\t\t\t\t\t<div class=\"elementor-element elementor-element-9c65fe3 sc_fly_static elementor-widget elementor-widget-spacer\" data-id=\"9c65fe3\" data-element_type=\"widget\" data-e-type=\"widget\" data-widget_type=\"spacer.default\">\n\t\t\t\t\t\t\t<div class=\"elementor-spacer\">\n\t\t\t<div class=\"elementor-spacer-inner\"><\/div>\n\t\t<\/div>\n\t\t\t\t\t\t<\/div>\n\t\t\t\t\t<\/div>\n\t\t<\/div>\n\t\t\t\t\t<\/div>\n\t\t<\/section>\n\t\t\t\t<section class=\"elementor-section elementor-top-section elementor-element elementor-element-758ec513 elementor-section-boxed elementor-section-height-default elementor-section-height-default sc_fly_static\" data-id=\"758ec513\" data-element_type=\"section\" data-e-type=\"section\" data-settings=\"{&quot;background_background&quot;:&quot;classic&quot;}\">\n\t\t\t\t\t\t<div class=\"elementor-container elementor-column-gap-extended\">\n\t\t\t\t\t<div class=\"elementor-column elementor-col-100 elementor-top-column elementor-element elementor-element-5dd449ca sc_content_align_inherit sc_layouts_column_icons_position_left sc_fly_static\" data-id=\"5dd449ca\" data-element_type=\"column\" data-e-type=\"column\">\n\t\t\t<div class=\"elementor-widget-wrap elementor-element-populated\">\n\t\t\t\t\t\t<div class=\"elementor-element elementor-element-18d0e3b5 sc_fly_static elementor-widget elementor-widget-text-editor\" data-id=\"18d0e3b5\" data-element_type=\"widget\" data-e-type=\"widget\" data-widget_type=\"text-editor.default\">\n\t\t\t\t\t\t\t\t\t<h5>6. Enlla\u00e7os externs<\/h5><p class=\"\" data-start=\"2553\" data-end=\"2723\">Aquest lloc web pot incloure enlla\u00e7os a llocs web de tercers. Alexandra Carol Oller no es fa responsable del contingut, pol\u00edtiques de privacitat o pr\u00e0ctiques dels llocs. <\/p>\t\t\t\t\t\t\t\t<\/div>\n\t\t\t\t\t<\/div>\n\t\t<\/div>\n\t\t\t\t\t<\/div>\n\t\t<\/section>\n\t\t\t\t<section class=\"elementor-section elementor-top-section elementor-element elementor-element-55c224d9 elementor-section-boxed elementor-section-height-default elementor-section-height-default sc_fly_static\" data-id=\"55c224d9\" data-element_type=\"section\" data-e-type=\"section\">\n\t\t\t\t\t\t<div class=\"elementor-container elementor-column-gap-extended\">\n\t\t\t\t\t<div class=\"elementor-column elementor-col-100 elementor-top-column elementor-element elementor-element-5e4aadc0 sc_content_align_inherit sc_layouts_column_icons_position_left sc_fly_static\" data-id=\"5e4aadc0\" data-element_type=\"column\" data-e-type=\"column\">\n\t\t\t<div class=\"elementor-widget-wrap elementor-element-populated\">\n\t\t\t\t\t\t<div class=\"elementor-element elementor-element-58a2f4d0 sc_fly_static elementor-widget elementor-widget-spacer\" data-id=\"58a2f4d0\" data-element_type=\"widget\" data-e-type=\"widget\" data-widget_type=\"spacer.default\">\n\t\t\t\t\t\t\t<div class=\"elementor-spacer\">\n\t\t\t<div class=\"elementor-spacer-inner\"><\/div>\n\t\t<\/div>\n\t\t\t\t\t\t<\/div>\n\t\t\t\t\t<\/div>\n\t\t<\/div>\n\t\t\t\t\t<\/div>\n\t\t<\/section>\n\t\t\t\t<section class=\"elementor-section elementor-top-section elementor-element elementor-element-411b384 elementor-section-boxed elementor-section-height-default elementor-section-height-default sc_fly_static\" data-id=\"411b384\" data-element_type=\"section\" data-e-type=\"section\" data-settings=\"{&quot;background_background&quot;:&quot;classic&quot;}\">\n\t\t\t\t\t\t<div class=\"elementor-container elementor-column-gap-extended\">\n\t\t\t\t\t<div class=\"elementor-column elementor-col-100 elementor-top-column elementor-element elementor-element-36c81ea0 sc_content_align_inherit sc_layouts_column_icons_position_left sc_fly_static\" data-id=\"36c81ea0\" data-element_type=\"column\" data-e-type=\"column\">\n\t\t\t<div class=\"elementor-widget-wrap elementor-element-populated\">\n\t\t\t\t\t\t<div class=\"elementor-element elementor-element-7b215ade sc_fly_static elementor-widget elementor-widget-text-editor\" data-id=\"7b215ade\" data-element_type=\"widget\" data-e-type=\"widget\" data-widget_type=\"text-editor.default\">\n\t\t\t\t\t\t\t\t\t<h5>7. Legislaci\u00f3 aplicable i jurisdicci\u00f3<\/h5><p class=\"\" data-start=\"2775\" data-end=\"3014\">La relaci\u00f3 entre el titular del lloc web i els usuaris es regir\u00e0 per la normativa espanyola vigent. Qualsevol controv\u00e8rsia se sotmetr\u00e0 als jutjats i tribunals de la ciutat de Barcelona, llevat que la legislaci\u00f3 aplicable disposi una altra cosa. <\/p>\t\t\t\t\t\t\t\t<\/div>\n\t\t\t\t\t<\/div>\n\t\t<\/div>\n\t\t\t\t\t<\/div>\n\t\t<\/section>\n\t\t\t\t<section class=\"elementor-section elementor-top-section elementor-element elementor-element-485b1a1d elementor-section-boxed elementor-section-height-default elementor-section-height-default sc_fly_static\" data-id=\"485b1a1d\" data-element_type=\"section\" data-e-type=\"section\">\n\t\t\t\t\t\t<div class=\"elementor-container elementor-column-gap-extended\">\n\t\t\t\t\t<div class=\"elementor-column elementor-col-100 elementor-top-column elementor-element elementor-element-6d625a3e sc_content_align_inherit sc_layouts_column_icons_position_left sc_fly_static\" data-id=\"6d625a3e\" data-element_type=\"column\" data-e-type=\"column\">\n\t\t\t<div class=\"elementor-widget-wrap elementor-element-populated\">\n\t\t\t\t\t\t<div class=\"elementor-element elementor-element-6548042c sc_fly_static elementor-widget elementor-widget-spacer\" data-id=\"6548042c\" data-element_type=\"widget\" data-e-type=\"widget\" data-widget_type=\"spacer.default\">\n\t\t\t\t\t\t\t<div class=\"elementor-spacer\">\n\t\t\t<div class=\"elementor-spacer-inner\"><\/div>\n\t\t<\/div>\n\t\t\t\t\t\t<\/div>\n\t\t\t\t\t<\/div>\n\t\t<\/div>\n\t\t\t\t\t<\/div>\n\t\t<\/section>\n\t\t\t\t<\/div>\n\t\t","protected":false},"excerpt":{"rendered":"<p>En compliment del deure d\u2019informaci\u00f3 recollit a l\u2019article 10 de la Llei 34\/2002, d\u201911 de juliol, de serveis de la societat de la informaci\u00f3 i del comer\u00e7 electr\u00f2nic, s\u2019informa del&hellip;<\/p>\n","protected":false},"author":1,"featured_media":0,"parent":0,"menu_order":0,"comment_status":"closed","ping_status":"closed","template":"","meta":{"_joinchat":[],"footnotes":""},"class_list":["post-68303","page","type-page","status-publish","hentry"],"_links":{"self":[{"href":"https:\/\/www.alexandracpsicologa.com\/ca\/wp-json\/wp\/v2\/pages\/68303","targetHints":{"allow":["GET"]}}],"collection":[{"href":"https:\/\/www.alexandracpsicologa.com\/ca\/wp-json\/wp\/v2\/pages"}],"about":[{"href":"https:\/\/www.alexandracpsicologa.com\/ca\/wp-json\/wp\/v2\/types\/page"}],"author":[{"embeddable":true,"href":"https:\/\/www.alexandracpsicologa.com\/ca\/wp-json\/wp\/v2\/users\/1"}],"replies":[{"embeddable":true,"href":"https:\/\/www.alexandracpsicologa.com\/ca\/wp-json\/wp\/v2\/comments?post=68303"}],"version-history":[{"count":4,"href":"https:\/\/www.alexandracpsicologa.com\/ca\/wp-json\/wp\/v2\/pages\/68303\/revisions"}],"predecessor-version":[{"id":72765,"href":"https:\/\/www.alexandracpsicologa.com\/ca\/wp-json\/wp\/v2\/pages\/68303\/revisions\/72765"}],"wp:attachment":[{"href":"https:\/\/www.alexandracpsicologa.com\/ca\/wp-json\/wp\/v2\/media?parent=68303"}],"curies":[{"name":"wp","href":"https:\/\/api.w.org\/{rel}","templated":true}]}}