{"id":68279,"date":"2025-04-07T17:34:14","date_gmt":"2025-04-07T17:34:14","guid":{"rendered":"https:\/\/www.alexandracpsicologa.com\/arees-despecialitzacio\/"},"modified":"2026-04-04T22:41:51","modified_gmt":"2026-04-04T22:41:51","slug":"especialitzacio","status":"publish","type":"page","link":"https:\/\/www.alexandracpsicologa.com\/ca\/especialitzacio\/","title":{"rendered":"\u00c0rees d&#8217;especialitzaci\u00f3"},"content":{"rendered":"\t\t<div data-elementor-type=\"wp-page\" data-elementor-id=\"68279\" class=\"elementor elementor-68279 elementor-67465\" data-elementor-post-type=\"page\">\n\t\t\t\t\t\t<section class=\"elementor-section elementor-top-section elementor-element elementor-element-c1f323e elementor-section-boxed elementor-section-height-default elementor-section-height-default sc_fly_static\" data-id=\"c1f323e\" data-element_type=\"section\" data-e-type=\"section\">\n\t\t\t\t\t\t<div class=\"elementor-container elementor-column-gap-extended\">\n\t\t\t\t\t<div class=\"elementor-column elementor-col-100 elementor-top-column elementor-element elementor-element-58cbe67 sc_layouts_column_align_center sc_layouts_column sc_content_align_inherit sc_layouts_column_icons_position_left sc_fly_static\" data-id=\"58cbe67\" data-element_type=\"column\" data-e-type=\"column\">\n\t\t\t<div class=\"elementor-widget-wrap elementor-element-populated\">\n\t\t\t\t\t\t<div class=\"elementor-element elementor-element-b723b82 sc_fly_static elementor-widget elementor-widget-text-editor\" data-id=\"b723b82\" data-element_type=\"widget\" data-e-type=\"widget\" data-widget_type=\"text-editor.default\">\n\t\t\t\t\t\t\t\t\t<h2 style=\"color:#F9F7F6;\">\u00c0rees d&#8217;especialitzaci\u00f3 psicologia<\/h2>\t\t\t\t\t\t\t\t<\/div>\n\t\t\t\t<div class=\"elementor-element elementor-element-2141d26 sc_fly_static elementor-widget elementor-widget-heading\" data-id=\"2141d26\" data-element_type=\"widget\" data-e-type=\"widget\" data-widget_type=\"heading.default\">\n\t\t\t\t\t<h3 class=\"elementor-heading-title elementor-size-default\">PSICOLOGIA GENERAL SANIT\u00c0RIA AMB PERSPECTIVA INTEGRADORA\u200b<\/h3>\t\t\t\t<\/div>\n\t\t\t\t<div class=\"elementor-element elementor-element-f5ec996 sc_fly_static elementor-widget elementor-widget-spacer\" data-id=\"f5ec996\" data-element_type=\"widget\" data-e-type=\"widget\" data-widget_type=\"spacer.default\">\n\t\t\t\t\t\t\t<div class=\"elementor-spacer\">\n\t\t\t<div class=\"elementor-spacer-inner\"><\/div>\n\t\t<\/div>\n\t\t\t\t\t\t<\/div>\n\t\t\t\t<div data-animation-type=\"sequental\" data-animation-stagger=\"\" class=\"elementor-element elementor-element-161499d scheme_default sc_fly_static elementor-widget elementor-widget-trx_sc_icons\" data-id=\"161499d\" data-element_type=\"widget\" data-e-type=\"widget\" data-settings=\"{&quot;_animation&quot;:&quot;none&quot;,&quot;_animation_delay&quot;:100}\" data-widget_type=\"trx_sc_icons.default\">\n\t\t\t\t<div class=\"elementor-widget-container\">\n\t\t\t\t\t<div \tclass=\"sc_icons scheme_default sc_icons_accent sc_icons_size_medium sc_align_center\" ><div class=\"sc_icons_columns_wrap sc_item_columns trx_addons_columns_wrap columns_padding_bottom\" ><div class=\"trx_addons_column-1_4 trx_addons_column-1_2-tablet\"><div class=\"sc_icons_item sc_icons_item_linked\"><div class=\"sc_icons_icon sc_icon_type_ icon-new-sr-icon-6\" ><span class=\"sc_icon_type_ icon-new-sr-icon-6\"><\/span><\/div><div class=\"sc_icons_item_details\"><h4 class=\"sc_icons_item_title\"><a href=\"https:\/\/www.alexandracpsicologa.com\/ca\/terapia-per-a-lansietat-a-sant-cugat-i-online\/\">\r\n                                    Ansietat                                    <\/a><\/h4><div class=\"sc_icons_item_description\"><span>Acompanyo processos d'ansietat, constant preocupaci\u00f3 o sensaci\u00f3 de desbordament emocional.<\/span><\/div><a href=\"https:\/\/www.alexandracpsicologa.com\/ca\/terapia-per-a-lansietat-a-sant-cugat-i-online\/\"\r\n                        class=\"sc_icons_item_link\">\r\n                        <\/a><\/div><\/div><\/div><div class=\"trx_addons_column-1_4 trx_addons_column-1_2-tablet\"><div class=\"sc_icons_item sc_icons_item_linked\"><div class=\"sc_icons_icon sc_icon_type_ icon-new-sr-icon-5\" ><span class=\"sc_icon_type_ icon-new-sr-icon-5\"><\/span><\/div><div class=\"sc_icons_item_details\"><h4 class=\"sc_icons_item_title\"><a href=\"https:\/\/www.alexandracpsicologa.com\/ca\/psicologa-especialitzada-en-trauma-a-sant-cugat\/\">\r\n                                    Trauma i Vincle                                    <\/a><\/h4><div class=\"sc_icons_item_description\"><span>Treballo experi\u00e8ncies traum\u00e0tiques i dificultats a l'enlla\u00e7 des d'un enfocament integrador.<\/span><\/div><a href=\"https:\/\/www.alexandracpsicologa.com\/ca\/psicologa-especialitzada-en-trauma-a-sant-cugat\/\"\r\n                        class=\"sc_icons_item_link\">\r\n                        <\/a><\/div><\/div><\/div><div class=\"trx_addons_column-1_4 trx_addons_column-1_2-tablet\"><div class=\"sc_icons_item sc_icons_item_linked\"><div class=\"sc_icons_icon sc_icon_type_ trx_addons_icon-logo-db\" ><span class=\"sc_icon_type_ trx_addons_icon-logo-db\"><\/span><\/div><div class=\"sc_icons_item_details\"><h4 class=\"sc_icons_item_title\"><a href=\"https:\/\/www.alexandracpsicologa.com\/ca\/dependencia-emocional\/\">\r\n                                    Depend\u00e8ncia Emocional                                    <\/a><\/h4><div class=\"sc_icons_item_description\"><span>Acompanyo processos de depend\u00e8ncia emocional i dificultats en les relacions afectives.<\/span><\/div><a href=\"https:\/\/www.alexandracpsicologa.com\/ca\/dependencia-emocional\/\"\r\n                        class=\"sc_icons_item_link\">\r\n                        <\/a><\/div><\/div><\/div><div class=\"trx_addons_column-1_4 trx_addons_column-1_2-tablet\"><div class=\"sc_icons_item sc_icons_item_linked\"><div class=\"sc_icons_icon sc_icon_type_ icon-spin5\" ><span class=\"sc_icon_type_ icon-spin5\"><\/span><\/div><div class=\"sc_icons_item_details\"><h4 class=\"sc_icons_item_title\"><a href=\"https:\/\/www.alexandracpsicologa.com\/ca\/emdr\/\">\r\n                                    Ter\u00e0pia EMDR                                    <\/a><\/h4><div class=\"sc_icons_item_description\"><span>Utilitzo la ter\u00e0pia EMDR per processar traumes i experi\u00e8ncies dif\u00edcils, facilitant una recuperaci\u00f3 emocional efectiva.<\/span><\/div><a href=\"https:\/\/www.alexandracpsicologa.com\/ca\/emdr\/\"\r\n                        class=\"sc_icons_item_link\">\r\n                        <\/a><\/div><\/div><\/div><div class=\"trx_addons_column-1_4 trx_addons_column-1_2-tablet\"><div class=\"sc_icons_item sc_icons_item_linked\"><div class=\"sc_icons_icon sc_icon_type_ icon-new-sr-icon-7\" ><span class=\"sc_icon_type_ icon-new-sr-icon-7\"><\/span><\/div><div class=\"sc_icons_item_details\"><h4 class=\"sc_icons_item_title\"><a href=\"https:\/\/www.alexandracpsicologa.com\/ca\/estat-danim\/\">\r\n                                    Depressi\u00f3 i&nbsp;estat de&nbsp;\u00e0nim                                    <\/a><\/h4><div class=\"sc_icons_item_description\"><span>Acompanyo moments de tristesa persistent, desmotivaci\u00f3 o sensaci\u00f3 de bloqueig emocional.<\/span><\/div><a href=\"https:\/\/www.alexandracpsicologa.com\/ca\/estat-danim\/\"\r\n                        class=\"sc_icons_item_link\">\r\n                        <\/a><\/div><\/div><\/div><div class=\"trx_addons_column-1_4 trx_addons_column-1_2-tablet\"><div class=\"sc_icons_item sc_icons_item_linked\"><div class=\"sc_icons_icon sc_icon_type_ icon-new-sr-icon-8\" ><span class=\"sc_icon_type_ icon-new-sr-icon-8\"><\/span><\/div><div class=\"sc_icons_item_details\"><h4 class=\"sc_icons_item_title\"><a href=\"https:\/\/www.alexandracpsicologa.com\/ca\/alta-sensibilitat\/\">\r\n                                    Alta Sensibilitat                                    <\/a><\/h4><div class=\"sc_icons_item_description\"><span>Treballo amb persones amb alta sensibilitat que se senten f\u00e0cilment desbordades per all\u00f2 emocional o all\u00f2 sensorial.<\/span><\/div><a href=\"https:\/\/www.alexandracpsicologa.com\/ca\/alta-sensibilitat\/\"\r\n                        class=\"sc_icons_item_link\">\r\n                        <\/a><\/div><\/div><\/div><div class=\"trx_addons_column-1_4 trx_addons_column-1_2-tablet\"><div class=\"sc_icons_item sc_icons_item_linked\"><div class=\"sc_icons_icon sc_icon_type_ icon-new-text-icon-1\" ><span class=\"sc_icon_type_ icon-new-text-icon-1\"><\/span><\/div><div class=\"sc_icons_item_details\"><h4 class=\"sc_icons_item_title\"><a href=\"https:\/\/www.alexandracpsicologa.com\/ca\/internal-family-sistems\/\">\r\n                                    Ter\u00e0pia IFS                                    <\/a><\/h4><div class=\"sc_icons_item_description\"><span>Aplico la ter\u00e0pia IFS per integrar les diferents parts de tu mateix, promovent l\u2019harmonia interna i&nbsp;el creixement personal.<\/span><\/div><a href=\"https:\/\/www.alexandracpsicologa.com\/ca\/internal-family-sistems\/\"\r\n                        class=\"sc_icons_item_link\">\r\n                        <\/a><\/div><\/div><\/div><div class=\"trx_addons_column-1_4 trx_addons_column-1_2-tablet\"><div class=\"sc_icons_item sc_icons_item_linked\"><div class=\"sc_icons_icon sc_icon_type_ icon-molecular\" ><span class=\"sc_icon_type_ icon-molecular\"><\/span><\/div><div class=\"sc_icons_item_details\"><h4 class=\"sc_icons_item_title\"><a href=\"https:\/\/www.alexandracpsicologa.com\/ca\/neuropsicologia\/\">\r\n                                    Neuropsicologia                                    <\/a><\/h4><div class=\"sc_icons_item_description\"><span>Avaluo i tracto funcions cognitives, millorant la mem\u00f2ria, l\u2019atenci\u00f3 i altres habilitats mentals essencials.<\/span><\/div><a href=\"https:\/\/www.alexandracpsicologa.com\/ca\/neuropsicologia\/\"\r\n                        class=\"sc_icons_item_link\">\r\n                        <\/a><\/div><\/div><\/div><\/div><\/div><!-- \/.sc_icons -->\t\t\t\t<\/div>\n\t\t\t\t<\/div>\n\t\t\t\t\t<\/div>\n\t\t<\/div>\n\t\t\t\t\t<\/div>\n\t\t<\/section>\n\t\t\t\t<section class=\"elementor-section elementor-top-section elementor-element elementor-element-e8d983c elementor-section-boxed elementor-section-height-default elementor-section-height-default sc_fly_static\" data-id=\"e8d983c\" data-element_type=\"section\" data-e-type=\"section\" data-settings=\"{&quot;background_background&quot;:&quot;classic&quot;}\">\n\t\t\t\t\t\t<div class=\"elementor-container elementor-column-gap-extended\">\n\t\t\t\t\t<div class=\"elementor-column elementor-col-100 elementor-top-column elementor-element elementor-element-acf10ec sc_content_align_inherit sc_layouts_column_icons_position_left sc_fly_static\" data-id=\"acf10ec\" data-element_type=\"column\" data-e-type=\"column\">\n\t\t\t<div class=\"elementor-widget-wrap elementor-element-populated\">\n\t\t\t\t\t\t<div class=\"elementor-element elementor-element-22c2dac sc_height_huge sc_fly_static elementor-widget elementor-widget-spacer\" data-id=\"22c2dac\" data-element_type=\"widget\" data-e-type=\"widget\" data-widget_type=\"spacer.default\">\n\t\t\t\t\t\t\t<div class=\"elementor-spacer\">\n\t\t\t<div class=\"elementor-spacer-inner\"><\/div>\n\t\t<\/div>\n\t\t\t\t\t\t<\/div>\n\t\t\t\t\t<\/div>\n\t\t<\/div>\n\t\t\t\t\t<\/div>\n\t\t<\/section>\n\t\t\t\t<section class=\"elementor-section elementor-top-section elementor-element elementor-element-7cd0aa5 elementor-section-full_width scheme_dark elementor-section-height-default elementor-section-height-default sc_fly_static\" data-id=\"7cd0aa5\" data-element_type=\"section\" data-e-type=\"section\" data-settings=\"{&quot;background_background&quot;:&quot;classic&quot;}\">\n\t\t\t\t\t\t<div class=\"elementor-container elementor-column-gap-no\">\n\t\t\t\t\t<div class=\"elementor-column elementor-col-100 elementor-top-column elementor-element elementor-element-29ea4a9 sc_content_align_inherit sc_layouts_column_icons_position_left sc_fly_static\" data-id=\"29ea4a9\" data-element_type=\"column\" data-e-type=\"column\">\n\t\t\t<div class=\"elementor-widget-wrap elementor-element-populated\">\n\t\t\t\t\t\t<div class=\"elementor-element elementor-element-745e5e4 elementor-widget__width-initial elementor-absolute elementor-widget-tablet__width-initial sc_layouts_hide_on_tablet sc_layouts_hide_on_mobile sc_fly_static elementor-widget elementor-widget-image\" data-id=\"745e5e4\" data-element_type=\"widget\" data-e-type=\"widget\" data-settings=\"{&quot;_position&quot;:&quot;absolute&quot;}\" data-widget_type=\"image.default\">\n\t\t\t\t\t\t\t\t\t\t\t\t\t\t\t<img fetchpriority=\"high\" decoding=\"async\" width=\"1500\" height=\"829\" src=\"https:\/\/www.alexandracpsicologa.com\/wp-content\/uploads\/2025\/03\/flor-alexandra-carol-4.png\" class=\"attachment-full size-full wp-image-68189\" alt=\"ContacteCreixement personal i benestar emocional amb Alexandra Carol Oller\" srcset=\"https:\/\/www.alexandracpsicologa.com\/wp-content\/uploads\/2025\/03\/flor-alexandra-carol-4.png 1500w, https:\/\/www.alexandracpsicologa.com\/wp-content\/uploads\/2025\/03\/flor-alexandra-carol-4-300x166.png 300w, https:\/\/www.alexandracpsicologa.com\/wp-content\/uploads\/2025\/03\/flor-alexandra-carol-4-1024x566.png 1024w, https:\/\/www.alexandracpsicologa.com\/wp-content\/uploads\/2025\/03\/flor-alexandra-carol-4-768x424.png 768w, https:\/\/www.alexandracpsicologa.com\/wp-content\/uploads\/2025\/03\/flor-alexandra-carol-4-370x204.png 370w, https:\/\/www.alexandracpsicologa.com\/wp-content\/uploads\/2025\/03\/flor-alexandra-carol-4-840x464.png 840w, https:\/\/www.alexandracpsicologa.com\/wp-content\/uploads\/2025\/03\/flor-alexandra-carol-4-410x227.png 410w\" sizes=\"(max-width: 1500px) 100vw, 1500px\">\t\t\t\t\t\t\t\t\t\t\t\t\t\t\t<\/div>\n\t\t\t\t<div class=\"elementor-element elementor-element-c4e6313 sc_fly_static elementor-widget elementor-widget-spacer\" data-id=\"c4e6313\" data-element_type=\"widget\" data-e-type=\"widget\" data-widget_type=\"spacer.default\">\n\t\t\t\t\t\t\t<div class=\"elementor-spacer\">\n\t\t\t<div class=\"elementor-spacer-inner\"><\/div>\n\t\t<\/div>\n\t\t\t\t\t\t<\/div>\n\t\t\t\t<section data-animation-type=\"block\" class=\"elementor-section elementor-inner-section elementor-element elementor-element-1f2da95 elementor-section-content-middle elementor-section-boxed elementor-section-height-default elementor-section-height-default animation_type_block sc_fly_static elementor-invisible\" data-id=\"1f2da95\" data-element_type=\"section\" data-e-type=\"section\" data-settings=\"{&quot;animation&quot;:&quot;resurs-fadein&quot;}\">\n\t\t\t\t\t\t<div class=\"elementor-container elementor-column-gap-no\">\n\t\t\t\t\t<div class=\"elementor-column elementor-col-50 elementor-inner-column elementor-element elementor-element-c830987 sc-mobile_layouts_column_align_center sc_layouts_column sc_content_align_inherit sc_layouts_column_icons_position_left sc_fly_static\" data-id=\"c830987\" data-element_type=\"column\" data-e-type=\"column\">\n\t\t\t<div class=\"elementor-widget-wrap elementor-element-populated\">\n\t\t\t\t\t\t<div class=\"elementor-element elementor-element-8f2b0bd sc_fly_static elementor-widget elementor-widget-heading\" data-id=\"8f2b0bd\" data-element_type=\"widget\" data-e-type=\"widget\" data-widget_type=\"heading.default\">\n\t\t\t\t\t<h3 class=\"elementor-heading-title elementor-size-default\"><span>Fes el primer pas cap al teu benestar.<\/span><\/h3>\t\t\t\t<\/div>\n\t\t\t\t<div class=\"elementor-element elementor-element-f8dd157 sc_fly_static elementor-widget elementor-widget-spacer\" data-id=\"f8dd157\" data-element_type=\"widget\" data-e-type=\"widget\" data-widget_type=\"spacer.default\">\n\t\t\t\t\t\t\t<div class=\"elementor-spacer\">\n\t\t\t<div class=\"elementor-spacer-inner\"><\/div>\n\t\t<\/div>\n\t\t\t\t\t\t<\/div>\n\t\t\t\t<div data-animation-type=\"block\" class=\"elementor-element elementor-element-789ce41 elementor-widget__width-initial elementor-widget-mobile__width-initial sc_fly_static elementor-widget elementor-widget-heading\" data-id=\"789ce41\" data-element_type=\"widget\" data-e-type=\"widget\" data-settings=\"{&quot;_animation&quot;:&quot;none&quot;,&quot;_animation_mobile&quot;:&quot;none&quot;}\" data-widget_type=\"heading.default\">\n\t\t\t\t\t<p class=\"elementor-heading-title elementor-size-default\"><span style=\"vertical-align: inherit\">Si sents que \u00e9s el moment d'iniciar un proc\u00e9s terap\u00e8utic, estar\u00e9 encantada d'acompanyar-te. La ter\u00e0pia \u00e9s un cam\u00ed dautoconeixement i creixement. <\/span><\/p>\t\t\t\t<\/div>\n\t\t\t\t\t<\/div>\n\t\t<\/div>\n\t\t\t\t<div class=\"elementor-column elementor-col-50 elementor-inner-column elementor-element elementor-element-9f741e3 sc_layouts_column_align_right sc_layouts_column sc-mobile_layouts_column_align_left sc_layouts_column sc_content_align_inherit sc_layouts_column_icons_position_left sc_fly_static\" data-id=\"9f741e3\" data-element_type=\"column\" data-e-type=\"column\">\n\t\t\t<div class=\"elementor-widget-wrap elementor-element-populated\">\n\t\t\t\t\t\t<div class=\"elementor-element elementor-element-567f7d0 elementor-align-right elementor-mobile-align-center sc_fly_static elementor-widget elementor-widget-button\" data-id=\"567f7d0\" data-element_type=\"widget\" data-e-type=\"widget\" data-widget_type=\"button.default\">\n\t\t\t\t\t\t\t\t\t\t<a class=\"elementor-button elementor-button-link elementor-size-sm\" href=\"https:\/\/www.doctoralia.es\/z\/GFBzDd\" target=\"_blank\" rel=\"noopener\">\n\t\t\t\t\t\t<span class=\"elementor-button-content-wrapper\">\n\t\t\t\t\t\t\t\t\t<span class=\"elementor-button-text\">Reserva la teva primera sessi\u00f3<\/span>\n\t\t\t\t\t<\/span>\n\t\t\t\t\t<\/a>\n\t\t\t\t\t\t\t\t<\/div>\n\t\t\t\t\t<\/div>\n\t\t<\/div>\n\t\t\t\t\t<\/div>\n\t\t<\/section>\n\t\t\t\t<div class=\"elementor-element elementor-element-49186c8 sc_fly_static elementor-widget elementor-widget-spacer\" data-id=\"49186c8\" data-element_type=\"widget\" data-e-type=\"widget\" data-widget_type=\"spacer.default\">\n\t\t\t\t\t\t\t<div class=\"elementor-spacer\">\n\t\t\t<div class=\"elementor-spacer-inner\"><\/div>\n\t\t<\/div>\n\t\t\t\t\t\t<\/div>\n\t\t\t\t\t<\/div>\n\t\t<\/div>\n\t\t\t\t\t<\/div>\n\t\t<\/section>\n\t\t\t\t<section class=\"elementor-section elementor-top-section elementor-element elementor-element-dc55126 elementor-section-height-min-height scheme_default elementor-section-boxed elementor-section-height-default elementor-section-items-middle sc_fly_static\" data-id=\"dc55126\" data-element_type=\"section\" data-e-type=\"section\" data-settings=\"{&quot;background_background&quot;:&quot;classic&quot;}\">\n\t\t\t\t\t\t\t<div class=\"elementor-background-overlay\"><\/div>\n\t\t\t\t\t\t\t<div class=\"elementor-container elementor-column-gap-no\">\n\t\t\t\t\t<div class=\"elementor-column elementor-col-100 elementor-top-column elementor-element elementor-element-a613362 sc_content_align_inherit sc_layouts_column_icons_position_left sc_fly_static\" data-id=\"a613362\" data-element_type=\"column\" data-e-type=\"column\">\n\t\t\t<div class=\"elementor-widget-wrap elementor-element-populated\">\n\t\t\t\t\t\t<section class=\"elementor-section elementor-inner-section elementor-element elementor-element-26f23cb elementor-section-boxed elementor-section-height-default elementor-section-height-default sc_fly_static\" data-id=\"26f23cb\" data-element_type=\"section\" data-e-type=\"section\">\n\t\t\t\t\t\t<div class=\"elementor-container elementor-column-gap-extended\">\n\t\t\t\t\t<div class=\"elementor-column elementor-col-50 elementor-inner-column elementor-element elementor-element-bb52b47 sc_content_align_inherit sc_layouts_column_icons_position_left sc_fly_static\" data-id=\"bb52b47\" data-element_type=\"column\" data-e-type=\"column\" data-settings=\"{&quot;background_background&quot;:&quot;classic&quot;}\">\n\t\t\t<div class=\"elementor-widget-wrap\">\n\t\t\t\t\t\t\t<\/div>\n\t\t<\/div>\n\t\t\t\t<div class=\"elementor-column elementor-col-50 elementor-inner-column elementor-element elementor-element-67c1c7f sc_content_align_inherit sc_layouts_column_icons_position_left sc_fly_static\" data-id=\"67c1c7f\" data-element_type=\"column\" data-e-type=\"column\" data-settings=\"{&quot;background_background&quot;:&quot;classic&quot;}\">\n\t\t\t<div class=\"elementor-widget-wrap elementor-element-populated\">\n\t\t\t\t\t\t<div class=\"elementor-element elementor-element-78c28d9 sc_fly_static elementor-widget elementor-widget-heading\" data-id=\"78c28d9\" data-element_type=\"widget\" data-e-type=\"widget\" data-widget_type=\"heading.default\">\n\t\t\t\t\t<h3 class=\"elementor-heading-title elementor-size-default\">Parlem?<\/h3>\t\t\t\t<\/div>\n\t\t\t\t<div class=\"elementor-element elementor-element-ed13ee2 sc_fly_static elementor-widget elementor-widget-spacer\" data-id=\"ed13ee2\" data-element_type=\"widget\" data-e-type=\"widget\" data-widget_type=\"spacer.default\">\n\t\t\t\t\t\t\t<div class=\"elementor-spacer\">\n\t\t\t<div class=\"elementor-spacer-inner\"><\/div>\n\t\t<\/div>\n\t\t\t\t\t\t<\/div>\n\t\t\t\t<div class=\"elementor-element elementor-element-037b118 elementor-widget__width-initial elementor-widget-mobile__width-initial sc_fly_static elementor-widget elementor-widget-heading\" data-id=\"037b118\" data-element_type=\"widget\" data-e-type=\"widget\" data-widget_type=\"heading.default\">\n\t\t\t\t\t<h3 class=\"elementor-heading-title elementor-size-default\">Si tens algun dubte, posa\u2019t en&nbsp;contacte amb mi<\/h3>\t\t\t\t<\/div>\n\t\t\t\t<div class=\"elementor-element elementor-element-15ede02 sc_fly_static elementor-widget elementor-widget-spacer\" data-id=\"15ede02\" data-element_type=\"widget\" data-e-type=\"widget\" data-widget_type=\"spacer.default\">\n\t\t\t\t\t\t\t<div class=\"elementor-spacer\">\n\t\t\t<div class=\"elementor-spacer-inner\"><\/div>\n\t\t<\/div>\n\t\t\t\t\t\t<\/div>\n\t\t\t\t<div class=\"elementor-element elementor-element-ce3ffeb sc_fly_static elementor-widget elementor-widget-trx_sc_contact_form_7\" data-id=\"ce3ffeb\" data-element_type=\"widget\" data-e-type=\"widget\" data-widget_type=\"trx_sc_contact_form_7.default\">\n\t\t\t\t<div class=\"elementor-widget-container\">\n\t\t\t\t\t\n<div class=\"wpcf7 no-js\" id=\"wpcf7-f68390-o1\" lang=\"ca\" dir=\"ltr\" data-wpcf7-id=\"68390\">\n<div class=\"screen-reader-response\"><p role=\"status\" aria-live=\"polite\" aria-atomic=\"true\"><\/p> <ul><\/ul><\/div>\n<form action=\"\/ca\/wp-json\/wp\/v2\/pages\/68279#wpcf7-f68390-o1\" method=\"post\" class=\"wpcf7-form init\" aria-label=\"Formulari de contacte\" novalidate=\"novalidate\" data-status=\"init\">\n<fieldset class=\"hidden-fields-container\"><input type=\"hidden\" name=\"_wpcf7\" value=\"68390\" \/><input type=\"hidden\" name=\"_wpcf7_version\" value=\"6.1.5\" \/><input type=\"hidden\" name=\"_wpcf7_locale\" value=\"ca\" \/><input type=\"hidden\" name=\"_wpcf7_unit_tag\" value=\"wpcf7-f68390-o1\" \/><input type=\"hidden\" name=\"_wpcf7_container_post\" value=\"0\" \/><input type=\"hidden\" name=\"_wpcf7_posted_data_hash\" value=\"\" \/>\n<\/fieldset>\n<div class=\"form-style-6\">\n\t<div class=\"columns_wrap\">\n\t\t<div class=\"column-1_2\">\n\t\t\t<p><span class=\"style-line\"><span class=\"wpcf7-form-control-wrap\" data-name=\"your-name\"><input size=\"40\" maxlength=\"400\" class=\"wpcf7-form-control wpcf7-text wpcf7-validates-as-required\" aria-required=\"true\" aria-invalid=\"false\" placeholder=\"Nom\" value=\"\" type=\"text\" name=\"your-name\" \/><\/span><\/span>\n\t\t\t<\/p>\n\t\t<\/div>\n\t\t<div class=\"column-1_2\">\n\t\t\t<p><span class=\"style-line\"><span class=\"wpcf7-form-control-wrap\" data-name=\"your-email\"><input size=\"40\" maxlength=\"400\" class=\"wpcf7-form-control wpcf7-email wpcf7-validates-as-required wpcf7-text wpcf7-validates-as-email\" aria-required=\"true\" aria-invalid=\"false\" placeholder=\"Email\" value=\"\" type=\"email\" name=\"your-email\" \/><\/span><\/span>\n\t\t\t<\/p>\n\t\t<\/div>\n\t<\/div>\n\t<div class=\"columns_wrap margin-bottom\">\n\t\t<div class=\"column-1_1\">\n\t\t\t<p><span class=\"style-line\"><span class=\"wpcf7-form-control-wrap\" data-name=\"your-message\"><textarea cols=\"40\" rows=\"10\" maxlength=\"2000\" class=\"wpcf7-form-control wpcf7-textarea wpcf7-validates-as-required\" aria-required=\"true\" aria-invalid=\"false\" placeholder=\"Escriu-me\" name=\"your-message\"><\/textarea><\/span><\/span>\n\t\t\t<\/p>\n\t\t<\/div>\n\t<\/div>\n\t<p><span class=\"wpcf7-form-control-wrap\" data-name=\"acceptance\"><span class=\"wpcf7-form-control wpcf7-acceptance\"><span class=\"wpcf7-list-item\"><label><input type=\"checkbox\" name=\"acceptance\" value=\"1\" aria-invalid=\"false\" \/><span class=\"wpcf7-list-item-label\">Accepto els termes i condicions de la <a href=\"https:\/\/www.alexandracpsicologa.com\/ca\/politica-de-privacitat\/\">Pol\u00edtica de Privacitat.<\/a><\/span><\/label><\/span><\/span><\/span><br \/>\n<input class=\"wpcf7-form-control wpcf7-submit has-spinner\" type=\"submit\" value=\"Enviar\" \/>\n\t<\/p>\n<\/div><div class=\"wpcf7-response-output\" aria-hidden=\"true\"><\/div>\n<\/form>\n<\/div>\n\t\t\t\t<\/div>\n\t\t\t\t<\/div>\n\t\t\t\t\t<\/div>\n\t\t<\/div>\n\t\t\t\t\t<\/div>\n\t\t<\/section>\n\t\t\t\t\t<\/div>\n\t\t<\/div>\n\t\t\t\t\t<\/div>\n\t\t<\/section>\n\t\t\t\t<\/div>\n\t\t","protected":false},"excerpt":{"rendered":"<p>\u00c0rees d&#8217;especialitzaci\u00f3 psicologia PSICOLOGIA GENERAL SANIT\u00c0RIA AMB PERSPECTIVA INTEGRADORA\u200b Ansietat Acompanyo processos d&#8217;ansietat, constant preocupaci\u00f3 o sensaci\u00f3 de desbordament emocional. Trauma i Vincle Treballo experi\u00e8ncies traum\u00e0tiques i dificultats a l&#8217;enlla\u00e7&hellip;<\/p>\n","protected":false},"author":1,"featured_media":0,"parent":0,"menu_order":0,"comment_status":"closed","ping_status":"closed","template":"","meta":{"_joinchat":[],"footnotes":""},"class_list":["post-68279","page","type-page","status-publish","hentry"],"_links":{"self":[{"href":"https:\/\/www.alexandracpsicologa.com\/ca\/wp-json\/wp\/v2\/pages\/68279","targetHints":{"allow":["GET"]}}],"collection":[{"href":"https:\/\/www.alexandracpsicologa.com\/ca\/wp-json\/wp\/v2\/pages"}],"about":[{"href":"https:\/\/www.alexandracpsicologa.com\/ca\/wp-json\/wp\/v2\/types\/page"}],"author":[{"embeddable":true,"href":"https:\/\/www.alexandracpsicologa.com\/ca\/wp-json\/wp\/v2\/users\/1"}],"replies":[{"embeddable":true,"href":"https:\/\/www.alexandracpsicologa.com\/ca\/wp-json\/wp\/v2\/comments?post=68279"}],"version-history":[{"count":18,"href":"https:\/\/www.alexandracpsicologa.com\/ca\/wp-json\/wp\/v2\/pages\/68279\/revisions"}],"predecessor-version":[{"id":71700,"href":"https:\/\/www.alexandracpsicologa.com\/ca\/wp-json\/wp\/v2\/pages\/68279\/revisions\/71700"}],"wp:attachment":[{"href":"https:\/\/www.alexandracpsicologa.com\/ca\/wp-json\/wp\/v2\/media?parent=68279"}],"curies":[{"name":"wp","href":"https:\/\/api.w.org\/{rel}","templated":true}]}}